{"id":1452,"date":"2025-03-24T12:18:28","date_gmt":"2025-03-24T12:18:28","guid":{"rendered":"https:\/\/peopleofmotherland.com\/faq\/"},"modified":"2025-10-16T12:41:01","modified_gmt":"2025-10-16T12:41:01","slug":"faq","status":"publish","type":"page","link":"https:\/\/peopleofmotherland.com\/en\/faq\/","title":{"rendered":"Faq"},"content":{"rendered":"\t\t<div data-elementor-type=\"wp-page\" data-elementor-id=\"1452\" class=\"elementor elementor-1452 elementor-762\" data-elementor-post-type=\"page\">\n\t\t\t\t<div class=\"elementor-element elementor-element-ab01b0e e-flex e-con-boxed e-con e-parent\" data-id=\"ab01b0e\" data-element_type=\"container\" data-e-type=\"container\" data-settings=\"{&quot;background_background&quot;:&quot;classic&quot;}\">\n\t\t\t\t\t<div class=\"e-con-inner\">\n\t\t<div class=\"elementor-element elementor-element-d1ea53e e-con-full e-flex e-con e-child\" data-id=\"d1ea53e\" data-element_type=\"container\" data-e-type=\"container\">\n\t\t\t\t<div class=\"elementor-element elementor-element-93b119d elementor-invisible elementor-widget elementor-widget-heading\" data-id=\"93b119d\" data-element_type=\"widget\" data-e-type=\"widget\" data-settings=\"{&quot;_animation&quot;:&quot;fadeInRight&quot;,&quot;ekit_we_effect_on&quot;:&quot;none&quot;}\" data-widget_type=\"heading.default\">\n\t\t\t\t<div class=\"elementor-widget-container\">\n\t\t\t\t\t<h2 class=\"elementor-heading-title elementor-size-default\">Frequently asked questions<\/h2>\t\t\t\t<\/div>\n\t\t\t\t<\/div>\n\t\t\t\t<div class=\"elementor-element elementor-element-da9f733 elementor-icon-list--layout-inline elementor-align-center elementor-list-item-link-full_width elementor-invisible elementor-widget elementor-widget-icon-list\" data-id=\"da9f733\" data-element_type=\"widget\" data-e-type=\"widget\" data-settings=\"{&quot;_animation&quot;:&quot;fadeInLeft&quot;,&quot;ekit_we_effect_on&quot;:&quot;none&quot;}\" data-widget_type=\"icon-list.default\">\n\t\t\t\t<div class=\"elementor-widget-container\">\n\t\t\t\t\t\t\t<ul class=\"elementor-icon-list-items elementor-inline-items\">\n\t\t\t\t\t\t\t<li class=\"elementor-icon-list-item elementor-inline-item\">\n\t\t\t\t\t\t\t\t\t\t\t<a href=\"#\">\n\n\t\t\t\t\t\t\t\t\t\t\t<span class=\"elementor-icon-list-text\">Home<\/span>\n\t\t\t\t\t\t\t\t\t\t\t<\/a>\n\t\t\t\t\t\t\t\t\t<\/li>\n\t\t\t\t\t\t\t\t<li class=\"elementor-icon-list-item elementor-inline-item\">\n\t\t\t\t\t\t\t\t\t\t\t<a href=\"#\">\n\n\t\t\t\t\t\t\t\t\t\t\t<span class=\"elementor-icon-list-text\">FAQ<\/span>\n\t\t\t\t\t\t\t\t\t\t\t<\/a>\n\t\t\t\t\t\t\t\t\t<\/li>\n\t\t\t\t\t\t<\/ul>\n\t\t\t\t\t\t<\/div>\n\t\t\t\t<\/div>\n\t\t\t\t<\/div>\n\t\t\t\t\t<\/div>\n\t\t\t\t<\/div>\n\t\t<div class=\"elementor-element elementor-element-c743af1 e-flex e-con-boxed e-con e-parent\" data-id=\"c743af1\" data-element_type=\"container\" data-e-type=\"container\">\n\t\t\t\t\t<div class=\"e-con-inner\">\n\t\t<div class=\"elementor-element elementor-element-6136a2f e-con-full e-flex e-con e-child\" data-id=\"6136a2f\" data-element_type=\"container\" data-e-type=\"container\">\n\t\t\t\t<div class=\"elementor-element elementor-element-bd0fea3 elementor-widget elementor-widget-image\" data-id=\"bd0fea3\" data-element_type=\"widget\" data-e-type=\"widget\" data-settings=\"{&quot;ekit_we_effect_on&quot;:&quot;none&quot;}\" data-widget_type=\"image.default\">\n\t\t\t\t<div class=\"elementor-widget-container\">\n\t\t\t\t\t\t\t\t\t\t\t\t\t\t\t<img decoding=\"async\" src=\"https:\/\/peopleofmotherland.com\/wp-content\/uploads\/2025\/03\/CARASSAUGA-Gotta-_-Cameroun-on-stage3-.jpg\" title=\"\" alt=\"\" loading=\"lazy\" \/>\t\t\t\t\t\t\t\t\t\t\t\t\t\t\t<\/div>\n\t\t\t\t<\/div>\n\t\t\t\t<\/div>\n\t\t<div class=\"elementor-element elementor-element-e21c607 e-con-full e-flex e-con e-child\" data-id=\"e21c607\" data-element_type=\"container\" data-e-type=\"container\">\n\t\t\t\t<div class=\"elementor-element elementor-element-e0b3a57 elementor-widget elementor-widget-heading\" data-id=\"e0b3a57\" data-element_type=\"widget\" data-e-type=\"widget\" data-settings=\"{&quot;ekit_we_effect_on&quot;:&quot;none&quot;}\" data-widget_type=\"heading.default\">\n\t\t\t\t<div class=\"elementor-widget-container\">\n\t\t\t\t\t<h2 class=\"elementor-heading-title elementor-size-default\">General questions<\/h2>\t\t\t\t<\/div>\n\t\t\t\t<\/div>\n\t\t\t\t<div class=\"elementor-element elementor-element-f9bb6df elementor-invisible elementor-widget elementor-widget-heading\" data-id=\"f9bb6df\" data-element_type=\"widget\" data-e-type=\"widget\" data-settings=\"{&quot;_animation&quot;:&quot;fadeInRight&quot;,&quot;ekit_we_effect_on&quot;:&quot;none&quot;}\" data-widget_type=\"heading.default\">\n\t\t\t\t<div class=\"elementor-widget-container\">\n\t\t\t\t\t<h2 class=\"elementor-heading-title elementor-size-default\">Most popular questions<\/h2>\t\t\t\t<\/div>\n\t\t\t\t<\/div>\n\t\t<div class=\"elementor-element elementor-element-074821f e-con-full e-flex e-con e-child\" data-id=\"074821f\" data-element_type=\"container\" data-e-type=\"container\">\n\t\t\t\t<div class=\"elementor-element elementor-element-221d492 elementor-widget elementor-widget-elementskit-faq\" data-id=\"221d492\" data-element_type=\"widget\" data-e-type=\"widget\" data-settings=\"{&quot;ekit_we_effect_on&quot;:&quot;none&quot;}\" data-widget_type=\"elementskit-faq.default\">\n\t\t\t\t<div class=\"elementor-widget-container\">\n\t\t\t\t\t<div class=\"ekit-wid-con\" >\n                <div class=\"elementskit-single-faq elementor-repeater-item-a0c15b1\">\n            <div class=\"elementskit-faq-header\">\n                <h2 class=\"elementskit-faq-title\"> Quels types d&#039;activit\u00e9s sont propos\u00e9es au Pavillon Afrique lors de Carassauga ?<\/h2>\n            <\/div>\n            <div class=\"elementskit-faq-body\">\n                Le Pavillon Afrique propose une immersion culturelle compl\u00e8te avec des spectacles de danse et de musique traditionnelles, des expositions d\u2019artisanat, des d\u00e9monstrations culinaires, des d\u00e9fil\u00e9s de mode et des conf\u00e9rences sur l\u2019histoire et la culture africaine.            <\/div>\n        <\/div>\n                <div class=\"elementskit-single-faq elementor-repeater-item-21d4fd4\">\n            <div class=\"elementskit-faq-header\">\n                <h2 class=\"elementskit-faq-title\">Est-ce que l&#039;\u00e9v\u00e9nement est accessible aux personnes en situation de handicap ?<\/h2>\n            <\/div>\n            <div class=\"elementskit-faq-body\">\n                Oui, Carassauga et le Pavillon Afrique s\u2019engagent \u00e0 assurer l\u2019accessibilit\u00e9 pour tous. Les sites sont \u00e9quip\u00e9s de rampes et d\u2019espaces adapt\u00e9s aux personnes \u00e0 mobilit\u00e9 r\u00e9duite.            <\/div>\n        <\/div>\n                <div class=\"elementskit-single-faq elementor-repeater-item-7122cde\">\n            <div class=\"elementskit-faq-header\">\n                <h2 class=\"elementskit-faq-title\">Quel est le prix d&#039;entr\u00e9e pour visiter le Pavillon Afrique ?<\/h2>\n            <\/div>\n            <div class=\"elementskit-faq-body\">\n                L\u2019acc\u00e8s au Pavillon Afrique est inclus dans le passeport Carassauga, qui permet de visiter plusieurs pavillons culturels. Les tarifs varient en fonction de l\u2019\u00e2ge et des promotions en cours.            <\/div>\n        <\/div>\n                <div class=\"elementskit-single-faq elementor-repeater-item-0b2a5b2\">\n            <div class=\"elementskit-faq-header\">\n                <h2 class=\"elementskit-faq-title\">Y a-t-il des spectacles de danse et de musique traditionnelles africaines ?<\/h2>\n            <\/div>\n            <div class=\"elementskit-faq-body\">\n                Oui, tout au long de l\u2019\u00e9v\u00e9nement, des artistes de divers pays africains se produisent sur sc\u00e8ne avec des danses traditionnelles, des percussions, du chant et d\u2019autres formes de spectacles vivants.            <\/div>\n        <\/div>\n                \n    <\/div>\t\t\t\t<\/div>\n\t\t\t\t<\/div>\n\t\t\t\t<\/div>\n\t\t\t\t<\/div>\n\t\t\t\t\t<\/div>\n\t\t\t\t<\/div>\n\t\t<div class=\"elementor-element elementor-element-8ed056d e-flex e-con-boxed e-con e-parent\" data-id=\"8ed056d\" data-element_type=\"container\" data-e-type=\"container\">\n\t\t\t\t\t<div class=\"e-con-inner\">\n\t\t<div class=\"elementor-element elementor-element-ee7d7e5 e-con-full e-flex e-con e-child\" data-id=\"ee7d7e5\" data-element_type=\"container\" data-e-type=\"container\">\n\t\t\t\t<div class=\"elementor-element elementor-element-29d438b elementor-widget elementor-widget-heading\" data-id=\"29d438b\" data-element_type=\"widget\" data-e-type=\"widget\" data-settings=\"{&quot;ekit_we_effect_on&quot;:&quot;none&quot;}\" data-widget_type=\"heading.default\">\n\t\t\t\t<div class=\"elementor-widget-container\">\n\t\t\t\t\t<h2 class=\"elementor-heading-title elementor-size-default\">General questions<\/h2>\t\t\t\t<\/div>\n\t\t\t\t<\/div>\n\t\t<div class=\"elementor-element elementor-element-1f20155 e-con-full e-flex e-con e-child\" data-id=\"1f20155\" data-element_type=\"container\" data-e-type=\"container\">\n\t\t\t\t<div class=\"elementor-element elementor-element-ed2db2d elementor-widget elementor-widget-elementskit-faq\" data-id=\"ed2db2d\" data-element_type=\"widget\" data-e-type=\"widget\" data-settings=\"{&quot;ekit_we_effect_on&quot;:&quot;none&quot;}\" data-widget_type=\"elementskit-faq.default\">\n\t\t\t\t<div class=\"elementor-widget-container\">\n\t\t\t\t\t<div class=\"ekit-wid-con\" >\n                <div class=\"elementskit-single-faq elementor-repeater-item-a0c15b1\">\n            <div class=\"elementskit-faq-header\">\n                <h2 class=\"elementskit-faq-title\">Le Pavillon Afrique est-il adapt\u00e9 aux enfants ? Y a-t-il des activit\u00e9s sp\u00e9cifiques pour eux ?<\/h2>\n            <\/div>\n            <div class=\"elementskit-faq-body\">\n                Oui, l\u2019\u00e9v\u00e9nement est familial ! Il y a des ateliers ludiques pour enfants, des contes africains, du maquillage artistique et des d\u00e9monstrations interactives adapt\u00e9es aux plus jeunes.            <\/div>\n        <\/div>\n                <div class=\"elementskit-single-faq elementor-repeater-item-21d4fd4\">\n            <div class=\"elementskit-faq-header\">\n                <h2 class=\"elementskit-faq-title\">Est-ce que l&#039;\u00e9v\u00e9nement propose des ateliers interactifs ou des conf\u00e9rences ?<\/h2>\n            <\/div>\n            <div class=\"elementskit-faq-body\">\n                Oui, des experts et des artistes animent des ateliers sur la danse, la cuisine, l\u2019artisanat et l\u2019histoire africaine. Des conf\u00e9rences sur la culture et l\u2019impact africain dans le monde sont aussi organis\u00e9es.            <\/div>\n        <\/div>\n                <div class=\"elementskit-single-faq elementor-repeater-item-7122cde\">\n            <div class=\"elementskit-faq-header\">\n                <h2 class=\"elementskit-faq-title\">Puis-je acheter des produits artisanaux africains sur place ?<\/h2>\n            <\/div>\n            <div class=\"elementskit-faq-body\">\n                Oui, un march\u00e9 d\u2019artisanat est install\u00e9 o\u00f9 vous pourrez acheter des bijoux, des tissus, des sculptures, des peintures et d\u2019autres objets faits main par des artisans africains.            <\/div>\n        <\/div>\n                <div class=\"elementskit-single-faq elementor-repeater-item-0b2a5b2\">\n            <div class=\"elementskit-faq-header\">\n                <h2 class=\"elementskit-faq-title\">Y a-t-il des options de transport en commun pour se rendre au Pavillon Afrique pendant Carassauga ?<\/h2>\n            <\/div>\n            <div class=\"elementskit-faq-body\">\n                Oui, l\u2019\u00e9v\u00e9nement est desservi par les transports en commun de Mississauga (MiWay). Des informations pr\u00e9cises sur les itin\u00e9raires et les navettes sont disponibles sur le site officiel de Carassauga.            <\/div>\n        <\/div>\n                \n    <\/div>\t\t\t\t<\/div>\n\t\t\t\t<\/div>\n\t\t\t\t<\/div>\n\t\t\t\t<\/div>\n\t\t<div class=\"elementor-element elementor-element-5f41d65 e-con-full e-flex e-con e-child\" data-id=\"5f41d65\" data-element_type=\"container\" data-e-type=\"container\">\n\t\t\t\t<div class=\"elementor-element elementor-element-9973ae9 elementor-widget elementor-widget-image\" data-id=\"9973ae9\" data-element_type=\"widget\" data-e-type=\"widget\" data-settings=\"{&quot;ekit_we_effect_on&quot;:&quot;none&quot;}\" data-widget_type=\"image.default\">\n\t\t\t\t<div class=\"elementor-widget-container\">\n\t\t\t\t\t\t\t\t\t\t\t\t\t\t\t<img fetchpriority=\"high\" decoding=\"async\" width=\"1024\" height=\"683\" src=\"https:\/\/peopleofmotherland.com\/wp-content\/uploads\/2025\/03\/500224094-1-1024x683-1.jpg\" class=\"attachment-full size-full wp-image-1302\" alt=\"\" \/>\t\t\t\t\t\t\t\t\t\t\t\t\t\t\t<\/div>\n\t\t\t\t<\/div>\n\t\t\t\t<\/div>\n\t\t\t\t\t<\/div>\n\t\t\t\t<\/div>\n\t\t\t\t<\/div>\n\t\t","protected":false},"excerpt":{"rendered":"<p>Frequently asked questions Home FAQ General questions Most popular questions Quels types d&#039;activit\u00e9s sont propos\u00e9es au Pavillon Afrique lors de Carassauga ? Le Pavillon Afrique propose une immersion culturelle compl\u00e8te [&hellip;]<\/p>\n","protected":false},"author":2,"featured_media":0,"parent":0,"menu_order":0,"comment_status":"closed","ping_status":"closed","template":"elementor_header_footer","meta":{"_price":"","_stock":"","_tribe_ticket_header":"","_tribe_default_ticket_provider":"","_tribe_ticket_capacity":"0","_ticket_start_date":"","_ticket_end_date":"","_tribe_ticket_show_description":"","_tribe_ticket_show_not_going":false,"_tribe_ticket_use_global_stock":"","_tribe_ticket_global_stock_level":"","_global_stock_mode":"","_global_stock_cap":"","_tribe_rsvp_for_event":"","_tribe_ticket_going_count":"","_tribe_ticket_not_going_count":"","_tribe_tickets_list":"[]","_tribe_ticket_has_attendee_info_fields":false,"footnotes":"","_tec_slr_enabled":"","_tec_slr_layout":""},"class_list":["post-1452","page","type-page","status-publish","hentry"],"yoast_head":"<!-- This site is optimized with the Yoast SEO Premium plugin v24.6 (Yoast SEO v27.5) - https:\/\/yoast.com\/product\/yoast-seo-premium-wordpress\/ -->\n<title>Faq | People of Motherland<\/title>\n<meta name=\"robots\" content=\"index, follow, max-snippet:-1, max-image-preview:large, max-video-preview:-1\" \/>\n<link rel=\"canonical\" href=\"https:\/\/peopleofmotherland.com\/en\/faq\/\" \/>\n<meta property=\"og:locale\" content=\"en_US\" \/>\n<meta property=\"og:type\" content=\"article\" \/>\n<meta property=\"og:title\" content=\"Faq\" \/>\n<meta property=\"og:description\" content=\"Frequently asked questions Home FAQ General questions Most popular questions Quels types d&#039;activit\u00e9s sont propos\u00e9es au Pavillon Afrique lors de Carassauga ? Le Pavillon Afrique propose une immersion culturelle compl\u00e8te [&hellip;]\" \/>\n<meta property=\"og:url\" content=\"https:\/\/peopleofmotherland.com\/en\/faq\/\" \/>\n<meta property=\"og:site_name\" content=\"People of Motherland\" \/>\n<meta property=\"article:modified_time\" content=\"2025-10-16T12:41:01+00:00\" \/>\n<meta property=\"og:image\" content=\"https:\/\/peopleofmotherland.com\/wp-content\/uploads\/2025\/03\/CARASSAUGA-Gotta-_-Cameroun-on-stage3-.jpg\" \/>\n\t<meta property=\"og:image:width\" content=\"2560\" \/>\n\t<meta property=\"og:image:height\" content=\"1703\" \/>\n\t<meta property=\"og:image:type\" content=\"image\/jpeg\" \/>\n<meta name=\"twitter:card\" content=\"summary_large_image\" \/>\n<meta name=\"twitter:label1\" content=\"Est. reading time\" \/>\n\t<meta name=\"twitter:data1\" content=\"2 minutes\" \/>\n<script type=\"application\/ld+json\" class=\"yoast-schema-graph\">{\"@context\":\"https:\\\/\\\/schema.org\",\"@graph\":[{\"@type\":\"WebPage\",\"@id\":\"https:\\\/\\\/peopleofmotherland.com\\\/en\\\/faq\\\/\",\"url\":\"https:\\\/\\\/peopleofmotherland.com\\\/en\\\/faq\\\/\",\"name\":\"Faq | People of Motherland\",\"isPartOf\":{\"@id\":\"https:\\\/\\\/peopleofmotherland.com\\\/en\\\/#website\"},\"primaryImageOfPage\":{\"@id\":\"https:\\\/\\\/peopleofmotherland.com\\\/en\\\/faq\\\/#primaryimage\"},\"image\":{\"@id\":\"https:\\\/\\\/peopleofmotherland.com\\\/en\\\/faq\\\/#primaryimage\"},\"thumbnailUrl\":\"https:\\\/\\\/peopleofmotherland.com\\\/wp-content\\\/uploads\\\/2025\\\/03\\\/CARASSAUGA-Gotta-_-Cameroun-on-stage3-.jpg\",\"datePublished\":\"2025-03-24T12:18:28+00:00\",\"dateModified\":\"2025-10-16T12:41:01+00:00\",\"breadcrumb\":{\"@id\":\"https:\\\/\\\/peopleofmotherland.com\\\/en\\\/faq\\\/#breadcrumb\"},\"inLanguage\":\"en-US\",\"potentialAction\":[{\"@type\":\"ReadAction\",\"target\":[\"https:\\\/\\\/peopleofmotherland.com\\\/en\\\/faq\\\/\"]}]},{\"@type\":\"ImageObject\",\"inLanguage\":\"en-US\",\"@id\":\"https:\\\/\\\/peopleofmotherland.com\\\/en\\\/faq\\\/#primaryimage\",\"url\":\"https:\\\/\\\/peopleofmotherland.com\\\/wp-content\\\/uploads\\\/2025\\\/03\\\/CARASSAUGA-Gotta-_-Cameroun-on-stage3-.jpg\",\"contentUrl\":\"https:\\\/\\\/peopleofmotherland.com\\\/wp-content\\\/uploads\\\/2025\\\/03\\\/CARASSAUGA-Gotta-_-Cameroun-on-stage3-.jpg\"},{\"@type\":\"BreadcrumbList\",\"@id\":\"https:\\\/\\\/peopleofmotherland.com\\\/en\\\/faq\\\/#breadcrumb\",\"itemListElement\":[{\"@type\":\"ListItem\",\"position\":1,\"name\":\"Home\",\"item\":\"https:\\\/\\\/peopleofmotherland.com\\\/en\\\/home\\\/\"},{\"@type\":\"ListItem\",\"position\":2,\"name\":\"Faq\"}]},{\"@type\":\"WebSite\",\"@id\":\"https:\\\/\\\/peopleofmotherland.com\\\/en\\\/#website\",\"url\":\"https:\\\/\\\/peopleofmotherland.com\\\/en\\\/\",\"name\":\"People of Motherland\",\"description\":\"A World of Cultures - Un Monde de Cultures\",\"publisher\":{\"@id\":\"https:\\\/\\\/peopleofmotherland.com\\\/en\\\/#organization\"},\"potentialAction\":[{\"@type\":\"SearchAction\",\"target\":{\"@type\":\"EntryPoint\",\"urlTemplate\":\"https:\\\/\\\/peopleofmotherland.com\\\/en\\\/?s={search_term_string}\"},\"query-input\":{\"@type\":\"PropertyValueSpecification\",\"valueRequired\":true,\"valueName\":\"search_term_string\"}}],\"inLanguage\":\"en-US\"},{\"@type\":\"Organization\",\"@id\":\"https:\\\/\\\/peopleofmotherland.com\\\/en\\\/#organization\",\"name\":\"People of Motherland\",\"url\":\"https:\\\/\\\/peopleofmotherland.com\\\/en\\\/\",\"logo\":{\"@type\":\"ImageObject\",\"inLanguage\":\"en-US\",\"@id\":\"https:\\\/\\\/peopleofmotherland.com\\\/en\\\/#\\\/schema\\\/logo\\\/image\\\/\",\"url\":\"https:\\\/\\\/peopleofmotherland.com\\\/wp-content\\\/uploads\\\/2025\\\/03\\\/PoM-icon-02.png\",\"contentUrl\":\"https:\\\/\\\/peopleofmotherland.com\\\/wp-content\\\/uploads\\\/2025\\\/03\\\/PoM-icon-02.png\",\"width\":145,\"height\":145,\"caption\":\"People of Motherland\"},\"image\":{\"@id\":\"https:\\\/\\\/peopleofmotherland.com\\\/en\\\/#\\\/schema\\\/logo\\\/image\\\/\"}}]}<\/script>\n<!-- \/ Yoast SEO Premium plugin. -->","yoast_head_json":{"title":"Faq | People of Motherland","robots":{"index":"index","follow":"follow","max-snippet":"max-snippet:-1","max-image-preview":"max-image-preview:large","max-video-preview":"max-video-preview:-1"},"canonical":"https:\/\/peopleofmotherland.com\/en\/faq\/","og_locale":"en_US","og_type":"article","og_title":"Faq","og_description":"Frequently asked questions Home FAQ General questions Most popular questions Quels types d&#039;activit\u00e9s sont propos\u00e9es au Pavillon Afrique lors de Carassauga ? Le Pavillon Afrique propose une immersion culturelle compl\u00e8te [&hellip;]","og_url":"https:\/\/peopleofmotherland.com\/en\/faq\/","og_site_name":"People of Motherland","article_modified_time":"2025-10-16T12:41:01+00:00","og_image":[{"width":2560,"height":1703,"url":"https:\/\/peopleofmotherland.com\/wp-content\/uploads\/2025\/03\/CARASSAUGA-Gotta-_-Cameroun-on-stage3-.jpg","type":"image\/jpeg"}],"twitter_card":"summary_large_image","twitter_misc":{"Est. reading time":"2 minutes"},"schema":{"@context":"https:\/\/schema.org","@graph":[{"@type":"WebPage","@id":"https:\/\/peopleofmotherland.com\/en\/faq\/","url":"https:\/\/peopleofmotherland.com\/en\/faq\/","name":"Faq | People of Motherland","isPartOf":{"@id":"https:\/\/peopleofmotherland.com\/en\/#website"},"primaryImageOfPage":{"@id":"https:\/\/peopleofmotherland.com\/en\/faq\/#primaryimage"},"image":{"@id":"https:\/\/peopleofmotherland.com\/en\/faq\/#primaryimage"},"thumbnailUrl":"https:\/\/peopleofmotherland.com\/wp-content\/uploads\/2025\/03\/CARASSAUGA-Gotta-_-Cameroun-on-stage3-.jpg","datePublished":"2025-03-24T12:18:28+00:00","dateModified":"2025-10-16T12:41:01+00:00","breadcrumb":{"@id":"https:\/\/peopleofmotherland.com\/en\/faq\/#breadcrumb"},"inLanguage":"en-US","potentialAction":[{"@type":"ReadAction","target":["https:\/\/peopleofmotherland.com\/en\/faq\/"]}]},{"@type":"ImageObject","inLanguage":"en-US","@id":"https:\/\/peopleofmotherland.com\/en\/faq\/#primaryimage","url":"https:\/\/peopleofmotherland.com\/wp-content\/uploads\/2025\/03\/CARASSAUGA-Gotta-_-Cameroun-on-stage3-.jpg","contentUrl":"https:\/\/peopleofmotherland.com\/wp-content\/uploads\/2025\/03\/CARASSAUGA-Gotta-_-Cameroun-on-stage3-.jpg"},{"@type":"BreadcrumbList","@id":"https:\/\/peopleofmotherland.com\/en\/faq\/#breadcrumb","itemListElement":[{"@type":"ListItem","position":1,"name":"Home","item":"https:\/\/peopleofmotherland.com\/en\/home\/"},{"@type":"ListItem","position":2,"name":"Faq"}]},{"@type":"WebSite","@id":"https:\/\/peopleofmotherland.com\/en\/#website","url":"https:\/\/peopleofmotherland.com\/en\/","name":"People of Motherland","description":"A World of Cultures - Un Monde de Cultures","publisher":{"@id":"https:\/\/peopleofmotherland.com\/en\/#organization"},"potentialAction":[{"@type":"SearchAction","target":{"@type":"EntryPoint","urlTemplate":"https:\/\/peopleofmotherland.com\/en\/?s={search_term_string}"},"query-input":{"@type":"PropertyValueSpecification","valueRequired":true,"valueName":"search_term_string"}}],"inLanguage":"en-US"},{"@type":"Organization","@id":"https:\/\/peopleofmotherland.com\/en\/#organization","name":"People of Motherland","url":"https:\/\/peopleofmotherland.com\/en\/","logo":{"@type":"ImageObject","inLanguage":"en-US","@id":"https:\/\/peopleofmotherland.com\/en\/#\/schema\/logo\/image\/","url":"https:\/\/peopleofmotherland.com\/wp-content\/uploads\/2025\/03\/PoM-icon-02.png","contentUrl":"https:\/\/peopleofmotherland.com\/wp-content\/uploads\/2025\/03\/PoM-icon-02.png","width":145,"height":145,"caption":"People of Motherland"},"image":{"@id":"https:\/\/peopleofmotherland.com\/en\/#\/schema\/logo\/image\/"}}]}},"ticketed":false,"_links":{"self":[{"href":"https:\/\/peopleofmotherland.com\/en\/wp-json\/wp\/v2\/pages\/1452","targetHints":{"allow":["GET"]}}],"collection":[{"href":"https:\/\/peopleofmotherland.com\/en\/wp-json\/wp\/v2\/pages"}],"about":[{"href":"https:\/\/peopleofmotherland.com\/en\/wp-json\/wp\/v2\/types\/page"}],"author":[{"embeddable":true,"href":"https:\/\/peopleofmotherland.com\/en\/wp-json\/wp\/v2\/users\/2"}],"replies":[{"embeddable":true,"href":"https:\/\/peopleofmotherland.com\/en\/wp-json\/wp\/v2\/comments?post=1452"}],"version-history":[{"count":0,"href":"https:\/\/peopleofmotherland.com\/en\/wp-json\/wp\/v2\/pages\/1452\/revisions"}],"wp:attachment":[{"href":"https:\/\/peopleofmotherland.com\/en\/wp-json\/wp\/v2\/media?parent=1452"}],"curies":[{"name":"wp","href":"https:\/\/api.w.org\/{rel}","templated":true}]}}